{"id":74,"date":"2023-03-08T08:21:15","date_gmt":"2023-03-08T07:21:15","guid":{"rendered":"http:\/\/austria-kiel.sueverkruep.de\/?page_id=74"},"modified":"2023-05-08T20:33:49","modified_gmt":"2023-05-08T18:33:49","slug":"impressum","status":"publish","type":"page","link":"https:\/\/austria-kiel.de\/?page_id=74","title":{"rendered":"Impressum"},"content":{"rendered":"\n<p>Honorarkonsulat der Republik \u00d6sterreich<\/p>\n\n\n\n<p>Honorarkonsulin: Anja Niemann<\/p>\n\n\n\n<p>Bergstr. 2<br>24103 Kiel<\/p>\n\n\n\n<p>Tel.&nbsp; + 49 431 55 25 05<br>Fax&nbsp; + 49 431 51 92 736<\/p>\n\n\n\n<p>E-Mail:&nbsp;<a href=\"&#x6d;&#x61;&#x69;&#x6c;&#x74;&#111;&#58;&#97;&#117;str&#x69;&#x61;&#x68;&#x6f;&#x6b;&#x6f;&#45;&#107;&#105;el&#64;&#x74;&#x2d;&#x6f;&#x6e;&#x6c;&#x69;&#110;&#101;&#46;&#100;e\">&#x69;&#x6e;&#x66;&#x6f;&#x40;&#x61;&#x75;&#115;&#116;&#114;&#105;&#97;-kie&#x6c;&#x2e;&#x64;&#x65;<\/a><\/p>\n\n\n\n<p><br><strong>Redaktionelle Verantwortung:<\/strong><br>Kerstin Frowein, Bergstr. 2, 24103 Kiel&nbsp;<\/p>\n\n\n\n<p><br><strong>Haftungshinweis:<\/strong><br>F\u00fcr Verweise auf unseren Seiten m\u00f6chten wir ausdr\u00fccklich betonen, dass wir keinerlei Einfluss auf den Linktext, die Gestaltung, evtl. Verletzungen geltender Rechte, auch Marken- und Titelrechte und die Inhalte der gelinkten Seiten haben. Wir distanzieren uns ausdr\u00fccklich von den Linkformulierungen sowie von allen Inhalten aller Seiten auf die wir Verweise gesetzt haben und machen uns ihre Inhalte nicht zu eigen. Diese Erkl\u00e4rung gilt f\u00fcr alle auf unserer Website angebrachten Links und f\u00fcr alle Inhalte der Seiten, zu denen die bei uns angemeldeten Banner oder Links f\u00fchren.<\/p>\n\n\n\n<p>Wir bem\u00fchen uns, m\u00f6glichst genaue und zuverl\u00e4ssige Informationen auf unseren Webseiten zu ver\u00f6ffentlichen. Wir k\u00f6nnen jedoch keinerlei Gew\u00e4hr f\u00fcr die Richtigkeit aller ver\u00f6ffentlichten Informationen leisten. Jegliche Haftung f\u00fcr den Fall von Irrt\u00fcmern oder Auslassungen auf unseren Webseiten wird ausgeschlossen.<\/p>\n","protected":false},"excerpt":{"rendered":"<p>Honorarkonsulat der Republik \u00d6sterreich Honorarkonsulin: Anja Niemann Bergstr. 224103 Kiel Tel.&nbsp; + 49 431 55 25 05Fax&nbsp; + 49 431 51 92 736 E-Mail:&nbsp; Redaktionelle Verantwortung:Kerstin Frowein, Bergstr. 2, 24103 Kiel&nbsp; Haftungshinweis:F\u00fcr Verweise auf unseren Seiten m\u00f6chten wir ausdr\u00fccklich betonen, dass wir keinerlei Einfluss auf den Linktext, die Gestaltung, evtl. Verletzungen geltender Rechte, auch Marken- [&hellip;]<\/p>\n","protected":false},"author":1,"featured_media":0,"parent":0,"menu_order":0,"comment_status":"closed","ping_status":"closed","template":"","meta":{"footnotes":""},"class_list":["post-74","page","type-page","status-publish","hentry"],"_links":{"self":[{"href":"https:\/\/austria-kiel.de\/index.php?rest_route=\/wp\/v2\/pages\/74","targetHints":{"allow":["GET"]}}],"collection":[{"href":"https:\/\/austria-kiel.de\/index.php?rest_route=\/wp\/v2\/pages"}],"about":[{"href":"https:\/\/austria-kiel.de\/index.php?rest_route=\/wp\/v2\/types\/page"}],"author":[{"embeddable":true,"href":"https:\/\/austria-kiel.de\/index.php?rest_route=\/wp\/v2\/users\/1"}],"replies":[{"embeddable":true,"href":"https:\/\/austria-kiel.de\/index.php?rest_route=%2Fwp%2Fv2%2Fcomments&post=74"}],"version-history":[{"count":3,"href":"https:\/\/austria-kiel.de\/index.php?rest_route=\/wp\/v2\/pages\/74\/revisions"}],"predecessor-version":[{"id":126,"href":"https:\/\/austria-kiel.de\/index.php?rest_route=\/wp\/v2\/pages\/74\/revisions\/126"}],"wp:attachment":[{"href":"https:\/\/austria-kiel.de\/index.php?rest_route=%2Fwp%2Fv2%2Fmedia&parent=74"}],"curies":[{"name":"wp","href":"https:\/\/api.w.org\/{rel}","templated":true}]}}